{"id":513,"date":"2020-11-17T16:47:03","date_gmt":"2020-11-17T15:47:03","guid":{"rendered":"https:\/\/www.latelieremilie.com\/?page_id=513"},"modified":"2020-11-18T11:57:38","modified_gmt":"2020-11-18T10:57:38","slug":"carte-cadeau","status":"publish","type":"page","link":"https:\/\/www.latelieremilie.com\/index.php\/carte-cadeau\/","title":{"rendered":"Cartes Cadeaux"},"content":{"rendered":"\n<h4 class=\"wp-block-heading\" id=\"block-955f6101-324e-41f3-a102-a7a5939582ef\"><span style=\"color:#fba589\" class=\"has-inline-color\">Fa\u00eetes plaisir \u00e0 vos proches avec un cadeau original : Offrez un cours de couture !<\/span><\/h4>\n\n\n\n<p id=\"block-73403064-33fd-474b-96ef-61d60ace442c\">Pour les f\u00eates de fin d&rsquo;ann\u00e9e, ou bien pour un anniversaire, l&rsquo;Atelier d&rsquo;Emilie propose des cartes cadeau \u00e0 offrir \u00e0 vos proches.<\/p>\n\n\n\n<p id=\"block-84c947fe-aee6-4656-94fa-86dc94cd0c19\"><strong>Comment \u00e7a marche ?<\/strong><\/p>\n\n\n\n<p id=\"block-fe303ca5-edf1-4a3b-9f72-dd3e2ce35469\">A domicile ou en atelier, pour enfant, ado ou adulte, il y a plusieurs formules. Vous choisissez la carte qui vous plait directement sur le site, puis choisissez l&rsquo;adresse \u00e0 laquelle vous voulez envoyer la carte : chez vous, ou bien directement chez votre proche, je m&rsquo;occupe de tout !<\/p>\n\n\n\n<p id=\"block-71958bdf-33df-4bfe-bb79-3c4c4936b4d3\">Vous pouvez m\u00eame ajouter \u00e0 votre envoi un petit mot pour personnaliser votre carte.<\/p>\n\n\n\n<p id=\"block-91a7ec49-8776-4be2-a095-aec442c1bb00\">Pour r\u00e9server ses cours, votre proche devra ensuite me contacter par email \u00e0 <strong>contact@Latelieremilie.com<\/strong> ou par t\u00e9l\u00e9phone au <br><strong>07 66 6 86 44<\/strong>.<\/p>\n\n\n\n<p id=\"block-4cf5557c-27d3-45e2-9105-74922c4ef858\">Les cartes cadeau sont valables 1 an \u00e0 partir de l&rsquo;achat, vous avez tout votre temps de prendre le cours, mais pensez \u00e0 r\u00e9server \u00e0 l&rsquo;avance pour \u00eatre s\u00fbr d&rsquo;avoir le cr\u00e9neau que vous souhaitez. Les r\u00e9servations sont ouvertes du Mardi au samedi.<\/p>\n\n\n\n<p id=\"block-0173182b-6457-432f-bf9a-3ff92808fb99\"><strong>Comment r\u00e9gler votre carte cadeau ?<\/strong><\/p>\n\n\n\n<p id=\"block-85f4324f-3082-48fe-9407-df0074c95543\">Le paiement se fait directement sur le site, c&rsquo;est pratique !<br>Le tissu et les petits accessoires de mercerie indispensables \u00e0 la r\u00e9alisation du projet couture choisi ne sont pas compris dans le prix.<\/p>\n\n\n\n<p class=\"has-text-align-center\"><strong>Pour acc\u00e9der \u00e0 toutes les cartes cadeaux en vente sur le site, appuyez sur le lien ci dessous :<\/strong><\/p>\n\n\n\n<div class=\"wp-block-buttons aligncenter is-layout-flex wp-block-buttons-is-layout-flex\">\n<div class=\"wp-block-button\"><a class=\"wp-block-button__link has-background\" href=\"https:\/\/www.latelieremilie.com\/index.php\/boutique\/\" style=\"border-radius:25px;background-color:#ff9d8a\" target=\"_blank\" rel=\"noreferrer noopener\">Acc\u00e8s \u00e0 la boutique en ligne<\/a><\/div>\n<\/div>\n\n\n\n<p><\/p>\n\n\n\n<p class=\"has-text-align-center\" id=\"block-6cef899d-e994-45d5-88ae-a1bba6a98de6\">Pour toute question ou information veuillez envoyer un mail \u00e0 <strong>contact@Latelieremilie.com<\/strong>.<\/p>\n","protected":false},"excerpt":{"rendered":"<p>Fa\u00eetes plaisir \u00e0 vos proches avec un cadeau original : Offrez un cours de couture ! Pour les f\u00eates de fin d&rsquo;ann\u00e9e, ou bien pour un anniversaire, l&rsquo;Atelier d&rsquo;Emilie propose des cartes cadeau \u00e0 offrir \u00e0 vos proches. Comment \u00e7a marche ? A domicile ou en atelier, pour enfant, ado ou adulte, il y a &hellip; <\/p>\n","protected":false},"author":1,"featured_media":422,"parent":0,"menu_order":0,"comment_status":"closed","ping_status":"closed","template":"","meta":{"inline_featured_image":false,"footnotes":""},"class_list":["post-513","page","type-page","status-publish","has-post-thumbnail","hentry"],"jetpack_sharing_enabled":true,"_links":{"self":[{"href":"https:\/\/www.latelieremilie.com\/index.php\/wp-json\/wp\/v2\/pages\/513","targetHints":{"allow":["GET"]}}],"collection":[{"href":"https:\/\/www.latelieremilie.com\/index.php\/wp-json\/wp\/v2\/pages"}],"about":[{"href":"https:\/\/www.latelieremilie.com\/index.php\/wp-json\/wp\/v2\/types\/page"}],"author":[{"embeddable":true,"href":"https:\/\/www.latelieremilie.com\/index.php\/wp-json\/wp\/v2\/users\/1"}],"replies":[{"embeddable":true,"href":"https:\/\/www.latelieremilie.com\/index.php\/wp-json\/wp\/v2\/comments?post=513"}],"version-history":[{"count":6,"href":"https:\/\/www.latelieremilie.com\/index.php\/wp-json\/wp\/v2\/pages\/513\/revisions"}],"predecessor-version":[{"id":525,"href":"https:\/\/www.latelieremilie.com\/index.php\/wp-json\/wp\/v2\/pages\/513\/revisions\/525"}],"wp:featuredmedia":[{"embeddable":true,"href":"https:\/\/www.latelieremilie.com\/index.php\/wp-json\/wp\/v2\/media\/422"}],"wp:attachment":[{"href":"https:\/\/www.latelieremilie.com\/index.php\/wp-json\/wp\/v2\/media?parent=513"}],"curies":[{"name":"wp","href":"https:\/\/api.w.org\/{rel}","templated":true}]}}