{"id":504,"date":"2020-11-16T18:00:57","date_gmt":"2020-11-16T17:00:57","guid":{"rendered":"https:\/\/www.latelieremilie.com\/?post_type=product&#038;p=504"},"modified":"2024-08-07T10:51:08","modified_gmt":"2024-08-07T08:51:08","slug":"demi-journee-couture-a-domicile","status":"publish","type":"product","link":"https:\/\/www.latelieremilie.com\/index.php\/produit\/demi-journee-couture-a-domicile\/","title":{"rendered":"Demi journ\u00e9e couture \u00e0 domicile"},"content":{"rendered":"<p>Carte cadeau valable pendant 1 an \u00e0 partir de l\u2019achat du produit.<\/p>\n<p>Un stage couture d\u2019une demi journ\u00e9e (3h) \u00e0 domicile. Lors de ce stage, la personne peut ramener jusqu&rsquo;\u00e0 2 ami(e)s !<\/p>\n<p>Comprenant : les explications de base et des exercices de prise en main de la machine \u00e0 coudre si la personne est d\u00e9butante et\/ou la r\u00e9alisation au choix d&rsquo;un projet couture, \u00e0 d\u00e9finir ensemble.<br \/>\nParfait pour un apr\u00e8s-midi d&rsquo;anniversaire \ud83d\ude42<\/p>\n<p>Tissu et petits accessoires de mercerie n\u00e9cessaires \u00e0 la r\u00e9alisation des projets couture non inclus.<br \/>\nPr\u00e9voir du tissu en fonction du choix du projet.<\/p>\n<p>Envoi postal d\u2019une jolie carte cadeau avec si vous le souhaitez une petite note \u00e9crite personnalisable.<\/p>\n<p>Livraison dans les 3 \u00e0 5 jours ouvr\u00e9s d\u00e8s la validation de la commande.<\/p>\n","protected":false},"excerpt":{"rendered":"<p>Bon cadeau pour un stage couture d\u2019une demi journ\u00e9e (3h) \u00e0 domicile.<\/p>\n<p>Au choix, pour enfant\/ados\u00a0(de 8 \u00e0 15 ans) ou adulte (\u00e0 partir de 16 ans).<\/p>\n<p>Lors de cette demi journ\u00e9e, vous pouvez ramener jusqu&rsquo;\u00e0 2 ami(e)s pour participer au cours !<\/p>\n","protected":false},"featured_media":512,"comment_status":"open","ping_status":"closed","template":"","meta":{"inline_featured_image":false},"product_cat":[36],"product_tag":[],"class_list":{"0":"post-504","1":"product","2":"type-product","3":"status-publish","4":"has-post-thumbnail","6":"product_cat-cartes-cadeaux","8":"first","9":"instock","10":"shipping-taxable","11":"purchasable","12":"product-type-variable"},"jetpack_sharing_enabled":true,"_links":{"self":[{"href":"https:\/\/www.latelieremilie.com\/index.php\/wp-json\/wp\/v2\/product\/504","targetHints":{"allow":["GET"]}}],"collection":[{"href":"https:\/\/www.latelieremilie.com\/index.php\/wp-json\/wp\/v2\/product"}],"about":[{"href":"https:\/\/www.latelieremilie.com\/index.php\/wp-json\/wp\/v2\/types\/product"}],"replies":[{"embeddable":true,"href":"https:\/\/www.latelieremilie.com\/index.php\/wp-json\/wp\/v2\/comments?post=504"}],"wp:featuredmedia":[{"embeddable":true,"href":"https:\/\/www.latelieremilie.com\/index.php\/wp-json\/wp\/v2\/media\/512"}],"wp:attachment":[{"href":"https:\/\/www.latelieremilie.com\/index.php\/wp-json\/wp\/v2\/media?parent=504"}],"wp:term":[{"taxonomy":"product_cat","embeddable":true,"href":"https:\/\/www.latelieremilie.com\/index.php\/wp-json\/wp\/v2\/product_cat?post=504"},{"taxonomy":"product_tag","embeddable":true,"href":"https:\/\/www.latelieremilie.com\/index.php\/wp-json\/wp\/v2\/product_tag?post=504"}],"curies":[{"name":"wp","href":"https:\/\/api.w.org\/{rel}","templated":true}]}}