{"id":765,"date":"2021-02-26T17:49:16","date_gmt":"2021-02-26T16:49:16","guid":{"rendered":"https:\/\/www.latelieremilie.com\/?post_type=product&#038;p=765"},"modified":"2024-08-07T10:45:38","modified_gmt":"2024-08-07T08:45:38","slug":"lot-de-5-cours-de-3h","status":"publish","type":"product","link":"https:\/\/www.latelieremilie.com\/index.php\/produit\/lot-de-5-cours-de-3h\/","title":{"rendered":"Lot de 5 cours de 3h"},"content":{"rendered":"<p>Carte cadeau valable pendant 1 an \u00e0 partir de l\u2019achat du produit.<br \/>\n5 cours de couture de 3h en atelier, ou \u00e0 domicile, pour enfant\/ados (de 8 \u00e0 15 ans) ou adulte (\u00e0 partir de 16 ans).<\/p>\n<p>Comprenant : les explications de base et des exercices de prise en main de la machine \u00e0 coudre si la personne est d\u00e9butante et la r\u00e9alisation de plusieurs projets couture, \u00e0 d\u00e9finir ensemble.<\/p>\n<p>Tissu et petits accessoires de mercerie n\u00e9cessaires \u00e0 la r\u00e9alisation des projets couture non inclus.<br \/>\nPr\u00e9voir du tissu en fonction du choix du projet.<\/p>\n<p>Envoi postal d\u2019une jolie carte cadeau avec si vous le souhaitez une petite note \u00e9crite personnalisable.<\/p>\n<p>Livraison dans les 3 \u00e0 5 jours ouvr\u00e9s d\u00e8s la validation de la commande.<\/p>\n","protected":false},"excerpt":{"rendered":"<p>Bon cadeau de 5 cours de couture de 3h.<\/p>\n<p>Au choix en atelier ou \u00e0 domicile, enfant\/ados ou adulte (prix variables).<\/p>\n<p>Adulte :<br \/>\nen atelier 369\u20ac<br \/>\n\u00e0 domicile 436\u20ac<\/p>\n<p>Enfant\/ados (de 8 \u00e0 15 ans) :<br \/>\nen atelier 337\u20ac<br \/>\n\u00e0 domicile 405\u20ac<\/p>\n","protected":false},"featured_media":512,"comment_status":"open","ping_status":"closed","template":"","meta":{"inline_featured_image":false},"product_cat":[36],"product_tag":[],"class_list":{"0":"post-765","1":"product","2":"type-product","3":"status-publish","4":"has-post-thumbnail","6":"product_cat-cartes-cadeaux","8":"first","9":"instock","10":"shipping-taxable","11":"purchasable","12":"product-type-variable"},"jetpack_sharing_enabled":true,"_links":{"self":[{"href":"https:\/\/www.latelieremilie.com\/index.php\/wp-json\/wp\/v2\/product\/765","targetHints":{"allow":["GET"]}}],"collection":[{"href":"https:\/\/www.latelieremilie.com\/index.php\/wp-json\/wp\/v2\/product"}],"about":[{"href":"https:\/\/www.latelieremilie.com\/index.php\/wp-json\/wp\/v2\/types\/product"}],"replies":[{"embeddable":true,"href":"https:\/\/www.latelieremilie.com\/index.php\/wp-json\/wp\/v2\/comments?post=765"}],"wp:featuredmedia":[{"embeddable":true,"href":"https:\/\/www.latelieremilie.com\/index.php\/wp-json\/wp\/v2\/media\/512"}],"wp:attachment":[{"href":"https:\/\/www.latelieremilie.com\/index.php\/wp-json\/wp\/v2\/media?parent=765"}],"wp:term":[{"taxonomy":"product_cat","embeddable":true,"href":"https:\/\/www.latelieremilie.com\/index.php\/wp-json\/wp\/v2\/product_cat?post=765"},{"taxonomy":"product_tag","embeddable":true,"href":"https:\/\/www.latelieremilie.com\/index.php\/wp-json\/wp\/v2\/product_tag?post=765"}],"curies":[{"name":"wp","href":"https:\/\/api.w.org\/{rel}","templated":true}]}}